{"id":14578,"date":"2018-04-12T17:12:22","date_gmt":"2018-04-12T15:12:22","guid":{"rendered":"http:\/\/www.kpddrava.at\/?page_id=14578"},"modified":"2025-03-03T20:32:11","modified_gmt":"2025-03-03T19:32:11","slug":"kaj-mene-to-briga-casopis-zeitung","status":"publish","type":"page","link":"http:\/\/www.kpddrava.at\/?page_id=14578","title":{"rendered":"KAJ MENE TO BRIGA? \u010casopis\/Zeitung"},"content":{"rendered":"\n<p><strong>Pregnanstvo<\/strong> <strong>&#8211; Vertreibung<\/strong><br>Koro\u0161ko slovenske dru\u017eine so morale leta 1942 \u010dez no\u010d zapustiti svoje domove. Trpeli so v tabori\u0161\u010dih fa\u0161istov. Veliko jih ni pri\u0161lo nazaj domov, tam so umrli. Danes se jih hvale\u017eni in z velikim spo\u0161tovanjem spomnimo in zato odkrijemo spominsko<br>plo\u0161\u010do. <\/p>\n\n\n\n<p>W\u00e4hrend der Nazizeit kamen 1942 Soldaten und zwangen K\u00e4rntner slowenische Familien ihre H\u00e4user zu verlassen. Sie wurden in Viehwaggons gepfercht \u2013 ohne Licht und Nahrung. Sie mussten in den Nazi-Lagern arbeiten. Viele sind nicht mehr nach<br>Hause zur\u00fcck gekommen. Sie starben in den Lagern. Mit der Gedenktafel in Neuhaus\/Suha wollen wir uns an diese tapferen Menschen voll Dankbarkeit erinnern.<\/p>\n\n\n\n<p>Junge MitarbeiterInnen des KPD Drava haben dazu eine wundersch\u00f6ne Brosch\u00fcre erarbeiter. Mladi sodelavci na\u0161ega dru\u0161tva so ob tej priliki pripravili poseben \u010dasopis.<\/p>\n<p><a href=\"http:\/\/www.kpddrava.at\/?page_id=14578\" data-wplink-edit=\"true\">&#8222;KAJ MENE TO BRIGA? &#8211; WAS GEHT MICH DAS AN?<\/a><\/p>\n\n\n\n<p>http:\/\/www.kpddrava.at\/wp-content\/uploads\/2018\/04\/c\u030casopis_kaj-mene-to-briga-fertig.pdf<\/p>\n\n\n\n<p><a href=\"http:\/\/www.kpddrava.at\/wp-content\/uploads\/2025\/03\/Kaj_mene_briga.jpg\" data-wplink-edit=\"true\"><img loading=\"lazy\" decoding=\"async\" class=\"alignnone  wp-image-22447\" src=\"http:\/\/www.kpddrava.at\/wp-content\/uploads\/2025\/03\/Kaj_mene_briga-216x300.jpg\" alt=\"\" width=\"311\" height=\"432\" srcset=\"http:\/\/www.kpddrava.at\/wp-content\/uploads\/2025\/03\/Kaj_mene_briga-216x300.jpg 216w, http:\/\/www.kpddrava.at\/wp-content\/uploads\/2025\/03\/Kaj_mene_briga.jpg 541w\" sizes=\"auto, (max-width: 311px) 100vw, 311px\" \/><\/a><\/p>\n\n\n\n<p><a href=\"http:\/\/www.kpddrava.at\/wp-content\/uploads\/2025\/03\/tabla_suha-rotated.jpg\"><img loading=\"lazy\" decoding=\"async\" class=\"alignnone wp-image-22441 size-full\" src=\"http:\/\/www.kpddrava.at\/wp-content\/uploads\/2025\/03\/tabla_suha-rotated-e1741025189272.jpg\" alt=\"\" width=\"394\" height=\"662\" srcset=\"http:\/\/www.kpddrava.at\/wp-content\/uploads\/2025\/03\/tabla_suha-rotated-e1741025189272.jpg 394w, http:\/\/www.kpddrava.at\/wp-content\/uploads\/2025\/03\/tabla_suha-rotated-e1741025189272-179x300.jpg 179w\" sizes=\"auto, (max-width: 394px) 100vw, 394px\" \/><\/a><\/p>\n","protected":false},"excerpt":{"rendered":"<p>Pregnanstvo &#8211; VertreibungKoro\u0161ko slovenske dru\u017eine so morale leta 1942 \u010dez no\u010d zapustiti svoje domove. Trpeli so v tabori\u0161\u010dih fa\u0161istov. Veliko jih ni pri\u0161lo nazaj domov, tam so umrli. Danes se jih hvale\u017eni in z velikim spo\u0161tovanjem spomnimo in zato odkrijemo spominskoplo\u0161\u010do. W\u00e4hrend der Nazizeit kamen 1942 Soldaten und zwangen K\u00e4rntner slowenische Familien ihre H\u00e4user zu &hellip; <\/p>\n<p class=\"link-more\"><a href=\"http:\/\/www.kpddrava.at\/?page_id=14578\" class=\"more-link\"><span class=\"screen-reader-text\">\u201eKAJ MENE TO BRIGA? \u010casopis\/Zeitung\u201c<\/span> weiterlesen<\/a><\/p>\n","protected":false},"author":4,"featured_media":22447,"parent":0,"menu_order":0,"comment_status":"closed","ping_status":"closed","template":"","meta":{"ngg_post_thumbnail":0,"_mc_calendar":[],"footnotes":""},"class_list":["post-14578","page","type-page","status-publish","has-post-thumbnail","hentry"],"_links":{"self":[{"href":"http:\/\/www.kpddrava.at\/index.php?rest_route=\/wp\/v2\/pages\/14578","targetHints":{"allow":["GET"]}}],"collection":[{"href":"http:\/\/www.kpddrava.at\/index.php?rest_route=\/wp\/v2\/pages"}],"about":[{"href":"http:\/\/www.kpddrava.at\/index.php?rest_route=\/wp\/v2\/types\/page"}],"author":[{"embeddable":true,"href":"http:\/\/www.kpddrava.at\/index.php?rest_route=\/wp\/v2\/users\/4"}],"replies":[{"embeddable":true,"href":"http:\/\/www.kpddrava.at\/index.php?rest_route=%2Fwp%2Fv2%2Fcomments&post=14578"}],"version-history":[{"count":9,"href":"http:\/\/www.kpddrava.at\/index.php?rest_route=\/wp\/v2\/pages\/14578\/revisions"}],"predecessor-version":[{"id":22452,"href":"http:\/\/www.kpddrava.at\/index.php?rest_route=\/wp\/v2\/pages\/14578\/revisions\/22452"}],"wp:featuredmedia":[{"embeddable":true,"href":"http:\/\/www.kpddrava.at\/index.php?rest_route=\/wp\/v2\/media\/22447"}],"wp:attachment":[{"href":"http:\/\/www.kpddrava.at\/index.php?rest_route=%2Fwp%2Fv2%2Fmedia&parent=14578"}],"curies":[{"name":"wp","href":"https:\/\/api.w.org\/{rel}","templated":true}]}}