{"id":1520,"date":"2014-02-05T12:16:18","date_gmt":"2014-02-05T12:16:18","guid":{"rendered":"http:\/\/www.kpddrava.at\/?page_id=1520"},"modified":"2025-12-11T16:34:14","modified_gmt":"2025-12-11T15:34:14","slug":"odborniki","status":"publish","type":"page","link":"http:\/\/www.kpddrava.at\/?page_id=1520","title":{"rendered":"ODBORNIKI"},"content":{"rendered":"<h3><span style=\"color: #0000ff;\"><strong>&nbsp;&nbsp;&nbsp;&nbsp;&nbsp; ODBOR KPD DRAVA \/ VORSTAND 2023-<br><\/strong><\/span><\/h3>\n<ul>\n<li><span style=\"color: #000000;\">Predsednik: Prof. <\/span><span style=\"color: #000000;\">Mag. <strong>Logar Jokej<\/strong><\/span><\/li>\n<li>Podpredsednica: Prof. <strong>Victoria Meklin<\/strong> BA BEd MA MA<\/li>\n<li><span style=\"color: #000000;\">Blagajni\u010darka: <strong>Katz\u2013Logar Rosina<br><\/strong><\/span><\/li>\n<li><span style=\"color: #000000;\">Namestnica: <strong>Trampusch Renate<\/strong><\/span><\/li>\n<li><span style=\"color: #000000;\">Tajnica: VD <strong>Logar Vida<br><\/strong><\/span><\/li>\n<li><span style=\"color: #000000;\">Namestnica: <strong>Olga Lutnik, <\/strong>BEd&nbsp; <strong><br><\/strong><\/span><\/li>\n<li><span style=\"color: #000000;\">Odborniki: <strong>Christine Meklin-Sumnitsch<\/strong>, Mag. <strong>Richard Grilc, Pepej Krop, Silvia <\/strong><strong>Hirm, Susanne Kolenik, <\/strong><strong>Simon Kogelnik<br><\/strong><\/span><\/li>\n<li>Pregledovalca ra\u010dunov: <strong>\u0160tefan Logar<\/strong>, BEd<strong>, Pepej Krop <\/strong><\/li>\n<\/ul>\n<p>\u010castni predsednik:&nbsp; OSR VD <strong>Lenart Katz<\/strong><\/p>\n<p>&nbsp;<\/p>\n<p style=\"text-align: left;\"><span style=\"color: #0000ff; font-size: medium;\"><strong><span style=\"font-size: 18pt;\">Dru\u0161tveno vodstvo 1910-2012\/Vereinsf\u00fchrung 1910-2012<\/span> <\/strong><\/span><\/p>\n<p>Od ustanovitve do 2. svetovne vojne so podatki nenatan\u010dni, ker ni nobenih to\u010dnih zapiskov.&nbsp; Bis zum 2. Weltkrieg sind die Angaben unvollst\u00e4ndig.<\/p>\n<p><strong>1910 \u2013 1912<\/strong> predsednik\/Obmann \u017eupnik\/Pfarrer <strong>Franc Uran\u0161ek<\/strong> odborniki\/Vorstandsmitglieder <strong>Lindl, \u017dvancer<\/strong><\/p>\n<p><strong>1920 \u2013 1921<\/strong> predsednik\/Obmann <strong>Kranjc Jurij<\/strong>, p.d. Rajdl<\/p>\n<p><strong>1923<\/strong> predsednik\/Obmann <strong>Kri\u0161tof Karl<\/strong>, p.d. Stogart<\/p>\n<p><strong>1934 \u2013 1935<\/strong> predsednik\/Obmann <strong>Poto\u010dnik \u0160tefan,<\/strong> p.d. Kova\u010dej ( mo\u017eno, da je bil \u017ee leta poprej\/vielleicht auch schon in den Jahren davor)<\/p>\n<p><strong>1936 \u2013 1938<\/strong> predsednik\/Obmann morda <strong>Franc Rudolf<\/strong>, p.d. \u0160u\u0161tarjev<\/p>\n<p><strong>1939 \u2013 1940<\/strong> predsednik\/Obmann <strong>Kri\u0161tof Karl<\/strong>, p.d. Hojnik<\/p>\n<p>1941 \u2013 do ukinitve dru\u0161tva\/Vereinsverbot predsednik\/Obmann <strong>Anton \u017dvancer<\/strong><\/p>\n<p>&nbsp;<\/p>\n<p><strong>Predsedniki in odborniki po letu 1945\/Obm\u00e4nner und Vorstandsmitglieder nach 1945 <\/strong><\/p>\n<p><strong>1946 \u2013 1947<\/strong><\/p>\n<ul>\n<li><strong>Srienc Stanko<\/strong>, trgovec v \u017dvabeku\/Kaufmann in Schwabegg<\/li>\n<li><strong>Kri\u0161tof Karl<\/strong>, p.d. Hojnik<\/li>\n<li><strong>Lutnik Filip,<\/strong> p.d. Kri\u0161tan<\/li>\n<\/ul>\n<p><strong>1948 \u2013 1951<\/strong><\/p>\n<ul>\n<li>predsednik\/Obmann <strong>Lutnik Filip<\/strong>, p.d. Kri\u0161tan<\/li>\n<li>podpredsednik\/Obmannstellvertreter <strong>Poto\u010dnik Paul<\/strong>, p.d. Kova\u010dej<\/li>\n<li>tajnik\/Schriftf\u00fchrer <strong>Kri\u0161tof \u0160tefan<\/strong>, Stogartov<\/li>\n<li>namestnik\/Stellvertreter <strong>Srienc Stanko,<\/strong> trgovec\/Kaufmann<\/li>\n<li>blagajnik\/Kassier <strong>Kolter Janez,<\/strong> p.d. Movr\u010d<\/li>\n<li>namestnica\/Stellvertreterin <strong>Zechner Marica<\/strong>, Jomrova<\/li>\n<li>knji\u017eni\u010dar\/Bibliothekar <strong>Lutnik Lipej<\/strong>, Kri\u0161tanov<\/li>\n<li>namestnica\/Stellvertreterin <strong>Kri\u0161tof An\u010dka,<\/strong> Stogartova<\/li>\n<\/ul>\n<p><strong>1951 \u2013 1952<\/strong><\/p>\n<ul>\n<li>predsednik\/Obmann <strong>Zechner Martin<\/strong>, p.d. Jomr<\/li>\n<li>podpredsednik\/Obmannstellvertreter <strong>Lutnik Filip<\/strong>, p.d. Kri\u0161tan<\/li>\n<li>tajnik\/Schriftf\u00fchrer <strong>Kolter Janez<\/strong>, p.d. Movr\u010d<\/li>\n<li>blagajni\u010darka\/Kassierin <strong>Zechner Dragica<\/strong>, Jomrova<\/li>\n<li>knji\u017eni\u010dar\/Bibliothekar <strong>Oro\u0161 Ernst<\/strong>, Jedlo\u010dnikov<\/li>\n<li>namestnica\/Stellvertreterin <strong>Mihev Gita,<\/strong> Koj\u017erova<\/li>\n<\/ul>\n<p><strong>1953 \u2013 1957&nbsp;&nbsp; <\/strong><\/p>\n<p>izvoli se stari odbor, le knji\u017eni\u010dar postane \u017eupnik <strong>Zupan Ignac<\/strong> der alte Vorstand wird best\u00e4tigt, Bibliothekar wird Pfarrer <strong>Zupan Ignac<\/strong><\/p>\n<p><strong>1958 \u2013 1962<\/strong><\/p>\n<ul>\n<li>predsednik\/Obmann <strong>Lutnik Filip,<\/strong> p.d. Kaj\u017eer<\/li>\n<li>podpredsednik\/Obmannstellvertreter <strong>Kri\u0161tof \u0160tefan<\/strong>, Stogartov<\/li>\n<li>tajnik\/Schriftf\u00fchrer <strong>Zechner Martin<\/strong>, p.d. Jomr<\/li>\n<li>namestnik\/Stellvertreter <strong>Kolter Janez<\/strong>, p.d. Movr\u010d<\/li>\n<li>blagajnik\/Kassier <strong>Kri\u0161tof Karl<\/strong>, p.d. Hojnik<\/li>\n<li>namestnik\/Stellvertreter <strong>Stergar Ivan<\/strong>, p.d. Randev<\/li>\n<li>knji\u017eni\u010darka\/Bibliothekarin <strong>Zupan Johana,<\/strong> farov\u0161ka\/Pfarrk\u00f6chin<\/li>\n<\/ul>\n<p><strong>1963 \u2013 1973<\/strong><\/p>\n<ul>\n<li>predsednik\/Obmann <strong>Kolter Janez,<\/strong> p.d. Movr\u010d<\/li>\n<li>podpredsednik\/Obmannstellvertreter <strong>Poto\u010dnik Martin<\/strong>, Kova\u010dejev<\/li>\n<li>tajnik\/Schriftf\u00fchrer <strong>Zechner Martin<\/strong>, p.d. Jomr<\/li>\n<li>blagajnik\/Kassier <strong>Lutnik Filip<\/strong>, p.d. Kaj\u017eer<\/li>\n<li>knji\u017eni\u010darka\/Bibliothekarin <strong>Zupan Johana<\/strong>, farov\u0161ka\/Pfarrk\u00f6chin<\/li>\n<\/ul>\n<p><strong>1974 \u2013 1977<\/strong><\/p>\n<ul>\n<li>predsednik\/Obmann <strong>Katz Lenart<\/strong>, Ravnikov<\/li>\n<li>podpredsednik\/Obmannstellvertreter <strong>Kolter Janez,<\/strong> p.d. Movr\u010d<\/li>\n<li>tajnica\/Schriftf\u00fchrerin <strong>Logar Marija,<\/strong> Mlakarjeva v Gradi\u010dah<\/li>\n<li>blagajnik\/Kassier <strong>Lutnik Franc<\/strong>, Kri\u0161tanov<\/li>\n<li>knji\u017eni\u010dar\/Bibliothekar <strong>\u0160teharnik Jo\u0161ko<\/strong>, p.d. He\u017el<\/li>\n<li>mladinski odsek\/Jugendsektion <strong>Mihev Hanzej,<\/strong> Randevov<\/li>\n<\/ul>\n<p><strong>1978 \u2013 1983<\/strong><\/p>\n<ul style=\"list-style-type: disc;\">\n<li>predsednik\/Obmann <strong>Katz Lenart<\/strong>, Ravnikov<\/li>\n<li>podpredsednik\/Obmannstellvertreter <strong>Kolter Janez<\/strong>, p.d. Movr\u010d<\/li>\n<li>tajnica\/Schriftf\u00fchrerin <strong>Kolter Rozvita<\/strong>, Movr\u010deva<\/li>\n<li>blagajnik\/Kassier<strong> Lutnik Franc,<\/strong> Kri\u0161tanov<\/li>\n<li>knji\u017eni\u010darka\/Bibliothekarin <strong>Zupan Johana,<\/strong> farov\u0161ka<\/li>\n<li>\u0161portni odsek\/Sportsektion<strong> Mihev Hanzej<\/strong>, Randevov<\/li>\n<\/ul>\n<p><strong>1984 \u2013 1987<\/strong><\/p>\n<ul>\n<li>predsednik\/Obmann <strong>Katz Lenart,<\/strong> Ravnikov<\/li>\n<li>podpredsednik\/Obmannstellvertreter <strong>Kolter Janez,<\/strong> p.d. Movr\u010d<\/li>\n<li>podpredsednik\/Obmannstellvertreter <strong>Logar Bertej<\/strong>, Mlakarjev<\/li>\n<li>tajnica\/Schriftf\u00fchrerin <strong>Kri\u0161tof Vida<\/strong>, Stogartova<\/li>\n<li>namestnica\/Stellvertreterin <strong>Katz Rozina<\/strong>, Mlakarjeva<\/li>\n<li>blagajnik\/Kassier <strong>Lutnik Franc<\/strong>, Kri\u0161tanov<\/li>\n<li>namestnik\/Stellvertreter <strong>Per\u010d Mirko<\/strong><\/li>\n<li>knji\u017eni\u010darka\/Bibliothekarin <strong>Poto\u010dnik Ulrike,<\/strong> Rihtarjeva<\/li>\n<li>namestnik\/Stellvertreter <strong>Poto\u010dnik Reinhold,<\/strong> Rihtarjev<\/li>\n<li>odbornika\/Vorstandsmitglieder \u017eupnik\/Pfarrer <strong>Wutte Simon<\/strong> in\/und <strong>Hirm Jokej ml.<\/strong>, \u0160uvarjev<\/li>\n<\/ul>\n<p><strong>1988 \u2013 1991 <\/strong><\/p>\n<ul>\n<li>predsednik\/Obmann <strong>Katz Lenart,<\/strong> Ravnikov<\/li>\n<li>podpredsednik\/Obmannstellvertreter <strong>Kolter Janez<\/strong>, p.d. Movr\u010d<\/li>\n<li>podpredsednica\/Obmannstellvertreterin <strong>Stefitz Edith<\/strong>, Kup\u010deva<\/li>\n<li>tajnica\/Schriftf\u00fchrerin <strong>Logar\u2013Kri\u0161tof Vida<\/strong>, Stogartova<\/li>\n<li>namestnica\/Stellvertreterin <strong>Katz Rozina,<\/strong> Mlakarjeva<\/li>\n<li>blagajnik\/Kassier <strong>Lutnik Franc<\/strong>, Kri\u0161tanov<\/li>\n<li>namestnica\/Stellvertreterin <strong>Lutnik Renate<\/strong>, Kri\u0161tanova<\/li>\n<li>knji\u017eni\u010darka\/Bibliothekarin <strong>Poto\u010dnik Ulrike<\/strong>, Rihtarjeva<\/li>\n<li>odbornik\/Vorstandsmitglied \u017eupnik <strong>Wutte Simon<\/strong><\/li>\n<\/ul>\n<p><strong>1992 \u2013 1997<\/strong><\/p>\n<ul>\n<li>predsednik\/Obmann <strong>dir. Katz Lenart<\/strong>, Ravnikov<\/li>\n<li>podpredsednik\/Obmannstellvertreter <strong>Hirm Foltej,<\/strong> \u0160uvarjev<\/li>\n<li>podpredsednik\/Obmannstellvertreter mag. <strong>Logar Jokej,<\/strong> Mlakarjev<\/li>\n<li>tajnica\/Schriftf\u00fchrerin <strong>Logar\u2013Kri\u0161tof Vida,<\/strong> Stogartova<\/li>\n<li>namestnica\/Stellvertreterin <strong>Katz Rozina,<\/strong> Mlakarjeva<\/li>\n<li>blagajnik\/Kassier <strong>Lutnik Franc,<\/strong> Kri\u0161tanov<\/li>\n<li>namestnica\/Stellvertreterin <strong>Trampusch Renate,<\/strong> Kri\u0161tanova<\/li>\n<li>preglednika\/Rechnungspr\u00fcfer <strong>Logar \u0160tefej<\/strong>, Mlakarjev in\/und <strong>Poto\u010dnik Ulrike,<\/strong> Rihtarjeva<\/li>\n<li>odborniki\/Vorstandsmitglieder <strong>Kap \u0160tefka,<\/strong> u\u010diteljica v \u017dvabeku\/Lehrerin in Schwabegg; <strong>Meklin Krista,<\/strong> Trampu\u017eeva iz Doba; <strong>Krop Pepej<\/strong>, Pu\u0161ni na Kogelski gori; <strong>Hirm Fridl<\/strong>, \u0160uvarjev; <strong>Kraut Renate<\/strong> iz Bistrice; \u017eupnik <strong>Wutte Simon<\/strong> in <strong>Drug Mihej,<\/strong> Arnovtov<\/li>\n<\/ul>\n<p><strong>1998 \u2013 2000<\/strong><\/p>\n<ul>\n<li>predsednik\/Obmann <strong>dir. Katz Lenart,<\/strong> Ravnikov<\/li>\n<li>podpredsednik\/Obmannstellvertreter <strong>Hirm Foltej,<\/strong> \u0160uvarjev<\/li>\n<li>podpredsednik\/Obmannstellvertreter <strong>mag. Logar Jokej<\/strong>, Mlakarjev<\/li>\n<li>tajnica\/Schriftf\u00fchrerin <strong>dir. Logar Vida-<\/strong> Stogartova<\/li>\n<li>namestnica\/Stellvertreterin <strong>Katz\u2013Logar Rozina,<\/strong> Mlakarjeva<\/li>\n<li>blagajnik<strong> Lutnik Franc<\/strong>&#8211; Kri\u0161tanov<\/li>\n<li>namestnica\/Stellvertreterin <strong>Trampusch Renate,<\/strong> p.d. Kri\u0161tanca<\/li>\n<li>preglednika\/Rechnungspr\u00fcfer dekan\/Dechant <strong>Wutte Simon<\/strong> in <strong>Logar \u0160tefej <\/strong>&#8211; Mlakarjev<\/li>\n<li>odborniki\/Vorstandsmitglieder <strong>Meklin Krista-<\/strong> Trampu\u017eeva iz Doba, <strong>Kap \u0160tefka<\/strong> iz Ve\u010dne vasi, <strong>Pepej Krop<\/strong> \u2013 Pu\u0161ni na Kogelski gori<\/li>\n<\/ul>\n<p><strong>2001 \u2013 2005:<\/strong> ob\u010dni zbor potrdi stari odbor za nadaljnjo periodo\/der alte Vorstand wird best\u00e4tigt<\/p>\n<p><strong>2006 \u2013 2008:<\/strong> ob\u010dni zbor potrdi stari odbor za nadaljnjo periodo\/der alte Vorstand wird best\u00e4tigt<\/p>\n<p><strong>2009-20012<\/strong><\/p>\n<ul>\n<li>predsednik\/Obmann <strong>dir. Katz Lenart<\/strong>, Ravnikov<\/li>\n<li>podpredsednik\/Obmannstellvertreter <strong>Hirm Foltej<\/strong>, \u0160uvarjev<\/li>\n<li>podpredsednik\/Obmannstellvertreter <strong>mag. Logar Jokej<\/strong>, Mlakarjev<\/li>\n<li>tajnica\/Schriftf\u00fchrerin <strong>dir. Logar Vida<\/strong>&#8211; Stogartova<\/li>\n<li>namestnica\/Stellvertreterin <strong>Katz \u2013 Logar Rozina<\/strong>, Mlakarjeva<\/li>\n<li>blagajnik <strong>Lutnik Franc<\/strong>&#8211; Kri\u0161tanov<\/li>\n<li>namestnica\/Stellvertreterin <strong>Trampusch Renate<\/strong>&#8211; p.d. Kri\u0161tanca<\/li>\n<li>preglednika\/Rechnungspr\u00fcfer <strong>dekan\/Dechant Wutte Simon<\/strong> <strong>Logar \u0160tefej<\/strong>&#8211; Mlakarjev<\/li>\n<li>odborniki\/Vorstandsmitglieder <strong>Meklin Krista<\/strong>&#8211; Trampu\u017eeva iz Doba <strong>Kap \u0160tefka<\/strong> iz Ve\u010dne vasi <strong>Pepej Krop<\/strong> \u2013 Pu\u0161ni na Kogelski gori<\/li>\n<\/ul>\n<p><strong>2012 &#8211; 2015&nbsp;&nbsp; <\/strong>Na ob\u010dnem zboru na\u0161ega dru\u0161tva, dne 28. januarja 2012 smo izvolili slede\u010di odbor:<\/p>\n<ul>\n<li>Predsednik: <strong>OSR VD Katz Lenart, <\/strong>9155 Gradi\u010de 4<\/li>\n<li>Podpredsednik: <strong>Mag. Logar Jokej, <\/strong>9155 Gradi\u010de 4<\/li>\n<li>Podpredsednik: <strong>Valentin Hirm, <\/strong>9155 Gornja vas 13<\/li>\n<\/ul>\n<ul>\n<li>Tajnica: <strong>VD Logar Vida,<\/strong> 9150 \u010cirkov\u010de 49<\/li>\n<li>Namestnica: <strong>Katz \u2013 Logar Rosina, <\/strong>9150 Non\u010da vas 85<\/li>\n<li>Blagajnik: <strong>Lutnik Franc, <\/strong>9155 Doljna vas 11<\/li>\n<li>Namestnica:<strong> Trampusch Renate, <\/strong>9155 Doljna vas 11<\/li>\n<li>Odborniki: <strong>Christa Meklin-Sumnitsch, Mag. Richard Grilc, Pepej Krop<br><\/strong><\/li>\n<li>Pregledovalca ra\u010dunov:&nbsp;&nbsp; <strong>Dekan Wutte Simon, <\/strong>9155 \u017dvabek 11 in <strong>Logar Stefan, <\/strong>9150 Non\u010da vas 104<br><strong><br>2015 -2020<\/strong><\/li>\n<\/ul>\n<ul>\n<li>Predsednik: <strong>OSR VD Katz Lenart,<\/strong> 9155 Gradi\u010de 4<\/li>\n<li>Podpredsednik: Mag. <strong>Logar Jokej<\/strong>, 9155 Gradi\u010de 4<\/li>\n<li>Podpredsednik: <strong>Valentin Hirm<\/strong>, 9155 Gornja vas 13<\/li>\n<li>Tajnica: VD <strong>Logar Vida<\/strong>, 9150 \u010cirkov\u010de 49<\/li>\n<li>Namestnica: <strong>Katz \u2013 Logar Rosina<\/strong>, 9150 Non\u010da vas 85<\/li>\n<li>Blagajnik: <strong>Lutnik Franc<\/strong>, 9155 Doljna vas 11<\/li>\n<li>Namestnica: <strong>Trampusch Renate<\/strong>, 9155 Doljna vas 11<\/li>\n<li>Odborniki: <strong>Christa Meklin-Sumnitsch<\/strong>, <strong>Mag. Richard Grilc, Pepej Krop<\/strong><\/li>\n<li>Pregledovalca ra\u010dunov:&nbsp; <strong>Dekan Wutte Simon,<\/strong> 9155 \u017dvabek 11, <strong>\u0160tefan Logar,<\/strong> 9150 Non\u010da vas<\/li>\n<\/ul>\n<p><strong>&nbsp;&nbsp;&nbsp;&nbsp; 2020-2023<\/strong><\/p>\n<ul>\n<li>Predsednik: OSR VD<strong> Katz Lenart<\/strong>, 9155 Gradi\u010de 4<\/li>\n<li>Podpredsednik: Prof. Mag. <strong>Logar Jokej,<\/strong> 9155 Gradi\u010de 4<\/li>\n<li>Tajnica: VD <strong>Logar Vida<\/strong>, 9150 \u010cirkov\u010de 49<\/li>\n<li>Namestnica: <strong>Logar Alina<\/strong>, BEd, 9150 \u010cirkov\u010de 49<\/li>\n<li>Blagajni\u010darka: SR <strong>Katz\u2013Logar Rosina<\/strong>, 9150 Non\u010da vas 85<\/li>\n<li>Namestnica: <strong>Trampusch Renate<\/strong>, 9155 Doljna vas 11<\/li>\n<li>Odborniki: <strong>Christine Meklin-Sumnitsch<\/strong>, Mag. <strong>Richard Grilc, Pepej Krop, <\/strong>Dipl.P\u00e4d.<strong> Valentin Hirm, Marko Kumer, Susanne Kolenik<br><\/strong><\/li>\n<li>Pregledovalca ra\u010dunov: <strong>\u0160tefan Logar, Pepej Krop<\/strong><\/li>\n<\/ul>\n<p><strong>&nbsp;&nbsp;&nbsp;&nbsp; 2023-<br><\/strong><\/p>\n<ul>\n<li>Predsednik: Prof. OStR. Mag. <strong>Logar Jokej<\/strong><\/li>\n<li>Podpredsednica: Prof. <strong>Victoria Meklin<\/strong> BA BEd MA MA<\/li>\n<li>Blagajni\u010darka: SR <strong>Katz\u2013Logar Rosina, <\/strong>namestnica: <strong>Trampusch Renate<\/strong><\/li>\n<li>Tajnica: OSR VD <strong>Logar Vida, <\/strong>namestnica: <strong>Olga Lutnik, <\/strong>BEd&nbsp; <strong><br><\/strong><\/li>\n<li>Odborniki: OSR <strong>Christine Meklin-Sumnitsch<\/strong>, Mag. <strong>Richard Grilc, <\/strong><strong>Silvia <\/strong><strong>Hirm, Susanne Kumer-Kolenik, <\/strong><strong>Simon Kogelnik<br><\/strong><\/li>\n<li>Pregledovalca ra\u010dunov: SR <strong>\u0160tefan Logar<\/strong> BEd<strong>, <\/strong>SR<strong> Pepej Krop <\/strong><\/li>\n<\/ul>\n<p>\u010castni predsednik:&nbsp; OSR VD <strong>Lenart Katz<\/strong><\/p>\n\n","protected":false},"excerpt":{"rendered":"<p>&nbsp;&nbsp;&nbsp;&nbsp;&nbsp; ODBOR KPD DRAVA \/ VORSTAND 2023- Predsednik: Prof. Mag. Logar Jokej Podpredsednica: Prof. Victoria Meklin BA BEd MA MA Blagajni\u010darka: Katz\u2013Logar Rosina Namestnica: Trampusch Renate Tajnica: VD Logar Vida Namestnica: Olga Lutnik, BEd&nbsp; Odborniki: Christine Meklin-Sumnitsch, Mag. Richard Grilc, Pepej Krop, Silvia Hirm, Susanne Kolenik, Simon Kogelnik Pregledovalca ra\u010dunov: \u0160tefan Logar, BEd, Pepej Krop &hellip; <\/p>\n<p class=\"link-more\"><a href=\"http:\/\/www.kpddrava.at\/?page_id=1520\" class=\"more-link\"><span class=\"screen-reader-text\">\u201eODBORNIKI\u201c<\/span> weiterlesen<\/a><\/p>\n","protected":false},"author":4,"featured_media":0,"parent":0,"menu_order":0,"comment_status":"closed","ping_status":"closed","template":"","meta":{"ngg_post_thumbnail":0,"_mc_calendar":[],"footnotes":""},"class_list":["post-1520","page","type-page","status-publish","hentry"],"_links":{"self":[{"href":"http:\/\/www.kpddrava.at\/index.php?rest_route=\/wp\/v2\/pages\/1520","targetHints":{"allow":["GET"]}}],"collection":[{"href":"http:\/\/www.kpddrava.at\/index.php?rest_route=\/wp\/v2\/pages"}],"about":[{"href":"http:\/\/www.kpddrava.at\/index.php?rest_route=\/wp\/v2\/types\/page"}],"author":[{"embeddable":true,"href":"http:\/\/www.kpddrava.at\/index.php?rest_route=\/wp\/v2\/users\/4"}],"replies":[{"embeddable":true,"href":"http:\/\/www.kpddrava.at\/index.php?rest_route=%2Fwp%2Fv2%2Fcomments&post=1520"}],"version-history":[{"count":14,"href":"http:\/\/www.kpddrava.at\/index.php?rest_route=\/wp\/v2\/pages\/1520\/revisions"}],"predecessor-version":[{"id":23809,"href":"http:\/\/www.kpddrava.at\/index.php?rest_route=\/wp\/v2\/pages\/1520\/revisions\/23809"}],"wp:attachment":[{"href":"http:\/\/www.kpddrava.at\/index.php?rest_route=%2Fwp%2Fv2%2Fmedia&parent=1520"}],"curies":[{"name":"wp","href":"https:\/\/api.w.org\/{rel}","templated":true}]}}