{"id":20623,"date":"2023-11-08T17:35:07","date_gmt":"2023-11-08T16:35:07","guid":{"rendered":"http:\/\/www.kpddrava.at\/?page_id=20623"},"modified":"2023-12-26T12:28:25","modified_gmt":"2023-12-26T11:28:25","slug":"adventni-koledar","status":"publish","type":"page","link":"http:\/\/www.kpddrava.at\/?page_id=20623","title":{"rendered":"Posebni adventni koledar"},"content":{"rendered":"\n<p>\u201ePosebni adventni koledar \/ Der besondere Adventkalender\u201c je bil projekt Katoli\u0161kega prosvetnega dru\u0161tva Drava, \u017dvabek v okviru &#8222;Leta ljudske kulture 2023&#8220;. Vsak dan v adventu se je odprlo digitalno okence pod <a href=\"http:\/\/www.kpddrava.at\">www.kpddrava.at<\/a> ter na raznih socialnih omre\u017ejih, ki so ga oblikovali mladi sodelavci KPD Drava pod strokovnim vodstvom novinarke dr. Sabine Zwitter-Grilc. Posebni adventni koledar vsak dan predstavi pisanost koro\u0161kih slovenskih nare\u010dij. Projekt ho\u010demo nadaljevati \u0161e v naslednjih letih.<\/p>\n<p><em>\u201eDer besondere Adventkalender\/Posebeni adventi koledar\u201c ist ein Projekt des Katholischen Kulturvereines KPD Drava im Rahmen des &#8222;Jahres der Volkskultur 2023&#8220;. Jeden Tag im Advent \u00f6ffnete sich ein Fenster des digitalen Adventkalenders unter <a href=\"https:\/\/aphrodite2.ktn.gv.at\/fmlurlsvc\/?fewReq=:B:JVUzOD84My9\/NDsnOS9gbTQ5ODM5OC96YG5naH18e2w0OWw7bDo8MDk8aDA8MT9rbzw7Pjs4OTgwaDpoMD0wbG85P2o7PjxrPi99NDg\/MDA6PDE+OzoveGBtNDpIPko8RzA9OTs4OTo\/JDpIPko8RzA\/OTs4OTo\/L3tqeX00amF7YHp9YGhnJ2JoZX1sZ2xubmx7SWJ9ZydufydofS9qND0wL2FtZTQ4&amp;url=http%3a%2f%2fwww.kpddrava.at\">www.kpddrava.at<\/a><\/em><em> sowie in verschiedenen sozialen Medien. Gestaltet wurde dieses jeweils von jugendlichen Mitarbeiter:innen des KPD Drava unter der Anleitung der Redakteurin Dr.<sup>in<\/sup> Sabina Zwitter-Grilc. Dieser ganz besondere Adventkalender m\u00f6chte die Vielfalt der Dialekte in K\u00e4rnten \/ Koro\u0161ka sichtbar und h\u00f6rbar machen. Das Projekt soll in den kommenden Jahren weitergef\u00fchrt werden. <\/em><\/p>\n\n\n<div class=\"wp-block-image\">\n<figure class=\"alignright size-large is-resized\"><a href=\"http:\/\/www.kpddrava.at\/wp-content\/uploads\/2023\/12\/Logo_JahrKaerntnerVolkskultur_Druck-dvoj-2.jpg\"><img loading=\"lazy\" decoding=\"async\" width=\"1024\" height=\"331\" src=\"http:\/\/www.kpddrava.at\/wp-content\/uploads\/2023\/12\/Logo_JahrKaerntnerVolkskultur_Druck-dvoj-2-1024x331.jpg\" alt=\"\" class=\"wp-image-21134\" style=\"width:238px;height:auto\" srcset=\"http:\/\/www.kpddrava.at\/wp-content\/uploads\/2023\/12\/Logo_JahrKaerntnerVolkskultur_Druck-dvoj-2-1024x331.jpg 1024w, http:\/\/www.kpddrava.at\/wp-content\/uploads\/2023\/12\/Logo_JahrKaerntnerVolkskultur_Druck-dvoj-2-300x97.jpg 300w, http:\/\/www.kpddrava.at\/wp-content\/uploads\/2023\/12\/Logo_JahrKaerntnerVolkskultur_Druck-dvoj-2-768x248.jpg 768w, http:\/\/www.kpddrava.at\/wp-content\/uploads\/2023\/12\/Logo_JahrKaerntnerVolkskultur_Druck-dvoj-2.jpg 1452w\" sizes=\"auto, (max-width: 767px) 89vw, (max-width: 1000px) 54vw, (max-width: 1071px) 543px, 580px\" \/><\/a><\/figure><\/div>","protected":false},"excerpt":{"rendered":"<p>\u201ePosebni adventni koledar \/ Der besondere Adventkalender\u201c je bil projekt Katoli\u0161kega prosvetnega dru\u0161tva Drava, \u017dvabek v okviru &#8222;Leta ljudske kulture 2023&#8220;. Vsak dan v adventu se je odprlo digitalno okence pod www.kpddrava.at ter na raznih socialnih omre\u017ejih, ki so ga oblikovali mladi sodelavci KPD Drava pod strokovnim vodstvom novinarke dr. Sabine Zwitter-Grilc. Posebni adventni koledar &hellip; <\/p>\n<p class=\"link-more\"><a href=\"http:\/\/www.kpddrava.at\/?page_id=20623\" class=\"more-link\"><span class=\"screen-reader-text\">\u201ePosebni adventni koledar\u201c<\/span> weiterlesen<\/a><\/p>\n","protected":false},"author":4,"featured_media":0,"parent":0,"menu_order":0,"comment_status":"closed","ping_status":"closed","template":"page-adventni.php","meta":{"ngg_post_thumbnail":0,"_mc_calendar":[],"footnotes":""},"class_list":["post-20623","page","type-page","status-publish","hentry"],"_links":{"self":[{"href":"http:\/\/www.kpddrava.at\/index.php?rest_route=\/wp\/v2\/pages\/20623","targetHints":{"allow":["GET"]}}],"collection":[{"href":"http:\/\/www.kpddrava.at\/index.php?rest_route=\/wp\/v2\/pages"}],"about":[{"href":"http:\/\/www.kpddrava.at\/index.php?rest_route=\/wp\/v2\/types\/page"}],"author":[{"embeddable":true,"href":"http:\/\/www.kpddrava.at\/index.php?rest_route=\/wp\/v2\/users\/4"}],"replies":[{"embeddable":true,"href":"http:\/\/www.kpddrava.at\/index.php?rest_route=%2Fwp%2Fv2%2Fcomments&post=20623"}],"version-history":[{"count":13,"href":"http:\/\/www.kpddrava.at\/index.php?rest_route=\/wp\/v2\/pages\/20623\/revisions"}],"predecessor-version":[{"id":21132,"href":"http:\/\/www.kpddrava.at\/index.php?rest_route=\/wp\/v2\/pages\/20623\/revisions\/21132"}],"wp:attachment":[{"href":"http:\/\/www.kpddrava.at\/index.php?rest_route=%2Fwp%2Fv2%2Fmedia&parent=20623"}],"curies":[{"name":"wp","href":"https:\/\/api.w.org\/{rel}","templated":true}]}}