{"id":588,"date":"2013-10-27T19:02:26","date_gmt":"2013-10-27T19:02:26","guid":{"rendered":"http:\/\/www.kpddrava.at\/?page_id=588"},"modified":"2025-03-03T18:38:00","modified_gmt":"2025-03-03T17:38:00","slug":"carobni-piskerc","status":"publish","type":"page","link":"http:\/\/www.kpddrava.at\/?page_id=588","title":{"rendered":"\u010cAROBNI PISKER\u010c"},"content":{"rendered":"<h1>\u010carobni pisker\u010d je za\u010daral tudi publiko<\/h1>\n<p>Z velikim uspehom je skupina \u00bbLutke Suha\u00ab, ki jo vodi Rihard Grilc v soboto predstavila svojo novo igro \u00bb\u010carobni pisker\u010d\u00ab publiki. Premiera je potekala v dru\u0161tvenih prostorih KPD Drava v Posojilnici v \u017dvabeku. Enkraten na Koro\u0161kem je bil skupen nastop lutkarske skupine ob spremljavi mlade band-skupine pod vodstvom Travdi Katz-Lipusch, ki je uglasbila tudi vse pesmi lutkarjev.<\/p>\n<p>Luke Suha und Band sind eine ungew\u00f6hnliche Konstellation, die in der Geschichte des Puppentheaters in K\u00e4rnten einmalig ist. Zu verdanken haben wir sind unserer Traudi Katz-Lipusch, die alle Lieder selbst komponiert und mit den S\u00e4ngern und Musikern einstudiert hat. Die Musiker kommen aus dem Raum St. Michael.<\/p>\n<div id='gallery-1' class='gallery galleryid-588 gallery-columns-3 gallery-size-thumbnail'><figure class='gallery-item'>\n\t\t\t<div class='gallery-icon portrait'>\n\t\t\t\t<a href='http:\/\/www.kpddrava.at\/?attachment_id=662'><img loading=\"lazy\" decoding=\"async\" width=\"150\" height=\"150\" src=\"http:\/\/www.kpddrava.at\/wp-content\/uploads\/2013\/10\/rihard-150x150.jpg\" class=\"attachment-thumbnail size-thumbnail\" alt=\"\" sizes=\"auto, 100vw\" \/><\/a>\n\t\t\t<\/div><\/figure><figure class='gallery-item'>\n\t\t\t<div class='gallery-icon portrait'>\n\t\t\t\t<a href='http:\/\/www.kpddrava.at\/?attachment_id=663'><img loading=\"lazy\" decoding=\"async\" width=\"150\" height=\"150\" src=\"http:\/\/www.kpddrava.at\/wp-content\/uploads\/2013\/10\/timna-150x150.jpg\" class=\"attachment-thumbnail size-thumbnail\" alt=\"\" sizes=\"auto, 100vw\" \/><\/a>\n\t\t\t<\/div><\/figure><figure class='gallery-item'>\n\t\t\t<div class='gallery-icon portrait'>\n\t\t\t\t<a href='http:\/\/www.kpddrava.at\/?attachment_id=667'><img loading=\"lazy\" decoding=\"async\" width=\"150\" height=\"150\" src=\"http:\/\/www.kpddrava.at\/wp-content\/uploads\/2013\/10\/anna-maria-150x150.jpg\" class=\"attachment-thumbnail size-thumbnail\" alt=\"\" sizes=\"auto, 100vw\" \/><\/a>\n\t\t\t<\/div><\/figure><figure class='gallery-item'>\n\t\t\t<div class='gallery-icon portrait'>\n\t\t\t\t<a href='http:\/\/www.kpddrava.at\/?attachment_id=668'><img loading=\"lazy\" decoding=\"async\" width=\"150\" height=\"150\" src=\"http:\/\/www.kpddrava.at\/wp-content\/uploads\/2013\/10\/anna-150x150.jpg\" class=\"attachment-thumbnail size-thumbnail\" alt=\"\" sizes=\"auto, 100vw\" \/><\/a>\n\t\t\t<\/div><\/figure><figure class='gallery-item'>\n\t\t\t<div class='gallery-icon portrait'>\n\t\t\t\t<a href='http:\/\/www.kpddrava.at\/?attachment_id=669'><img loading=\"lazy\" decoding=\"async\" width=\"150\" height=\"150\" src=\"http:\/\/www.kpddrava.at\/wp-content\/uploads\/2013\/10\/anna-maria1-150x150.jpg\" class=\"attachment-thumbnail size-thumbnail\" alt=\"\" sizes=\"auto, 100vw\" \/><\/a>\n\t\t\t<\/div><\/figure><figure class='gallery-item'>\n\t\t\t<div class='gallery-icon portrait'>\n\t\t\t\t<a href='http:\/\/www.kpddrava.at\/?attachment_id=671'><img loading=\"lazy\" decoding=\"async\" width=\"150\" height=\"150\" src=\"http:\/\/www.kpddrava.at\/wp-content\/uploads\/2013\/10\/elsa-150x150.jpg\" class=\"attachment-thumbnail size-thumbnail\" alt=\"\" sizes=\"auto, 100vw\" \/><\/a>\n\t\t\t<\/div><\/figure><figure class='gallery-item'>\n\t\t\t<div class='gallery-icon portrait'>\n\t\t\t\t<a href='http:\/\/www.kpddrava.at\/?attachment_id=672'><img loading=\"lazy\" decoding=\"async\" width=\"150\" height=\"150\" src=\"http:\/\/www.kpddrava.at\/wp-content\/uploads\/2013\/10\/eva10-150x150.jpg\" class=\"attachment-thumbnail size-thumbnail\" alt=\"\" sizes=\"auto, 100vw\" \/><\/a>\n\t\t\t<\/div><\/figure>\n\t\t<\/div>\n\n<p>&nbsp;<\/p>\n","protected":false},"excerpt":{"rendered":"<p>\u010carobni pisker\u010d je za\u010daral tudi publiko Z velikim uspehom je skupina \u00bbLutke Suha\u00ab, ki jo vodi Rihard Grilc v soboto predstavila svojo novo igro \u00bb\u010carobni pisker\u010d\u00ab publiki. Premiera je potekala v dru\u0161tvenih prostorih KPD Drava v Posojilnici v \u017dvabeku. Enkraten na Koro\u0161kem je bil skupen nastop lutkarske skupine ob spremljavi mlade band-skupine pod vodstvom Travdi &hellip; <\/p>\n<p class=\"link-more\"><a href=\"http:\/\/www.kpddrava.at\/?page_id=588\" class=\"more-link\"><span class=\"screen-reader-text\">\u201e\u010cAROBNI PISKER\u010c\u201c<\/span> weiterlesen<\/a><\/p>\n","protected":false},"author":4,"featured_media":660,"parent":0,"menu_order":0,"comment_status":"closed","ping_status":"closed","template":"","meta":{"ngg_post_thumbnail":0,"_mc_calendar":[],"footnotes":""},"class_list":["post-588","page","type-page","status-publish","has-post-thumbnail","hentry"],"_links":{"self":[{"href":"http:\/\/www.kpddrava.at\/index.php?rest_route=\/wp\/v2\/pages\/588","targetHints":{"allow":["GET"]}}],"collection":[{"href":"http:\/\/www.kpddrava.at\/index.php?rest_route=\/wp\/v2\/pages"}],"about":[{"href":"http:\/\/www.kpddrava.at\/index.php?rest_route=\/wp\/v2\/types\/page"}],"author":[{"embeddable":true,"href":"http:\/\/www.kpddrava.at\/index.php?rest_route=\/wp\/v2\/users\/4"}],"replies":[{"embeddable":true,"href":"http:\/\/www.kpddrava.at\/index.php?rest_route=%2Fwp%2Fv2%2Fcomments&post=588"}],"version-history":[{"count":4,"href":"http:\/\/www.kpddrava.at\/index.php?rest_route=\/wp\/v2\/pages\/588\/revisions"}],"predecessor-version":[{"id":22439,"href":"http:\/\/www.kpddrava.at\/index.php?rest_route=\/wp\/v2\/pages\/588\/revisions\/22439"}],"wp:featuredmedia":[{"embeddable":true,"href":"http:\/\/www.kpddrava.at\/index.php?rest_route=\/wp\/v2\/media\/660"}],"wp:attachment":[{"href":"http:\/\/www.kpddrava.at\/index.php?rest_route=%2Fwp%2Fv2%2Fmedia&parent=588"}],"curies":[{"name":"wp","href":"https:\/\/api.w.org\/{rel}","templated":true}]}}