{"id":619,"date":"2013-10-27T19:27:36","date_gmt":"2013-10-27T19:27:36","guid":{"rendered":"http:\/\/www.kpddrava.at\/?page_id=619"},"modified":"2025-03-03T20:47:02","modified_gmt":"2025-03-03T19:47:02","slug":"100-let-kpd-drava-2","status":"publish","type":"page","link":"http:\/\/www.kpddrava.at\/?page_id=619","title":{"rendered":"100 let KPD Drava"},"content":{"rendered":"<p>&nbsp;<\/p>\n<p><strong>\u010ce se danes spominjamo tistega dne, ko je bilo \u201eKatoli\u0161ko prosvetno dru\u0161tvo Drava \u017dvabek\u00ab ustanovljeno, moramo takoj ugotoviti, da se s tem kulturno delo v \u017dvabeku in na Suhi ni \u0161ele za\u010delo. Dobilo je samo nov okvir in dodatne mo\u017enosti delovanja in razvoja.<\/strong><\/p>\n<p><strong>Okrajno glavarstvo v Velikovcu je 5. maja 1910 dovolilo in potrdilo ustanovitev dru\u0161tva pod imenom \u00bbKr\u0161\u010dansko \u2013 slovensko izobra\u017eevalno dru\u0161tvo za \u017dvabek\u00ab. Ustanovitelj in gonilna sila dru\u0161tva je bil tedanji \u017evabe\u0161ki \u017eupnik Franc Uran\u0161ek, ki je tu deloval od leta 1905 do 1948. Svoj ustanovni ob\u010dni zbor pa je imelo 20.2.1911, torej natan\u010do jutri pred 100 leti!<\/strong><\/p>\n<p><strong>Dru\u0161tveno delo se je v glavnem osredoto\u010dilo na jezikovno izobra\u017eevanje mladine in odraslih, na predavanja strokovnjakov, na gledali\u0161ke predstave in na ohranjevanje ter po\u017eivitev ljudskih in cerkvenih pesmi. Prirejala so se skiopti\u010dna predavanja, shodi, pevski nastopi, gostovanja v drugih krajih, slovesna \u017eegnanja, igre, \u017eenski shodi in drugo.<\/strong><\/p>\n<p><strong>Ko je bilo med vojnama, zlasti po plebiscitu, delovanje dru\u0161tva \u017ee ote\u017eko\u010deno, je za \u010dasa nacizma bilo dru\u0161tvo prepovedano in delovanje ukinjeno. Uporaba slovenskega jezika je bila v javnosti prepovedana. Nem\u0161\u010dina je povsod postala obvezen jezik. Dru\u0161tveno knji\u017enico so nacisti uni\u010dili in knjige za\u017egali, in mnogo slovenskih dru\u017ein odgnali v tabori\u0161\u010da.<\/strong><\/p>\n<p>Wer tr\u00e4umt nicht davon, ein ganzes Jahrhundert auf unserem Planeten gelebt zu haben? Einhundert Jahre, das sind f\u00fcr den Menschen meistens Kinder, Enkel und Urenkel. F\u00fcr den Katholischen Kulturverein KPD Drava bedeuten einhundert Jahre eine kulturpolitische Erfolgsgeschichte in der Gemeinde Neuhaus\/Suha. Gegr\u00fcndet wurde der slowenische Kulturverein Drava am 5. Mai 1910 auf Initiative des damaligen Schwabegger Priesters Franc Uran\u0161ek.<\/p>\n<p>Laut Chronik waren Theaterauff\u00fchrungen, eine Vereinsbibliothek, Vortr\u00e4ge zu Sachthemen sowie ein gut ausgebildeter Kirchenchor, der viele Veranstaltungen musikalisch umrahmte, die urspr\u00fcnglichen Hauptaufgaben des Vereines. W\u00e4hrend der NS-Zeit wurde die Vereinst\u00e4tigkeit verboten, ebenso Slowenisch als Umgangssprache. Die B\u00fccherei des Vereines wurde gepl\u00fcndert, die B\u00fccher wurden am Dorfplatz in Schwabegg verbrannt. In den Vereinsraum zogen Polizisten ein. Zahlreiche slowenische Familien wurden ausgesiedelt.<\/p>\n<p>T<strong>akoj po drugi svetovni vojni, maja 1945, se je prosvetno delo spet za\u010delo s pripravljanjem novih iger. Dru\u0161tvu se je pridru\u017eilo lepo \u0161tevilo novih igralcev. V zapisniku dru\u0161tva iz tega \u010dasa med drugim beremo: <\/strong><em>\u00bbIgralci so igrali iz srca in du\u0161e \u2026 To je potrdil tudi Jakob Hirm, po doma\u010de \u0160uvajerv, ki je igral tako ob\u010duteno, da se je `soum deru zravnu\u00b4\u00ab<\/em><strong>. &nbsp;Agilni \u017evabekarji so zgradili no dru\u0161tveni dom, in leta 1958 se je z zdru\u017eitvijo starih ob\u010din \u017dvabek in Libeli\u010de v novo ob\u010dino Suha delokrog dru\u0161tva Drava raz\u0161iril tudi na Suho.<\/strong><\/p>\n<p><strong>Na ob\u010dnemu zboru leta 1974 je za novega predsednika dru\u0161tva bil izvoljen Lenart Katz. S pomlajenim odborom so se dru\u0161tveniki samozavestno in navdu\u0161eno lotili kulturnega dela. V dru\u0161tvu danes aktivo deluje 80 kulturnikov, ki vsako leto pripravijo do 14 prireditev in navdu\u0161ijo nad 4000 obiskovalcev. Vigredni koncert, sre\u010danje pri \u0160tiebarju, mednarodno sre\u010danje vi\u017earjev, novembrski medkulturni projekt in adventni koncert so stalnice dru\u0161tvenega dela. Etnolo\u0161ke prireditve, postni shod in ve\u010deri pripovednikov zaokro\u017eijo kulturno leto Drave.<\/strong><\/p>\n<p><strong>Med najve\u010dje uspehe dru\u0161tva v zadnjih letih sodijo Festival Suha, otro\u0161ka skupina Lutke Suha in &nbsp;izdaje knjig doma\u010dih avtorjev kot Ivanka Polanc, Herman Germ ali Maria Kamnik. Trudimo se za dober medkulturni dialog v lastni ob\u010dini in de\u017eeli ter za redne kontakte s slovenskimi sosedi. &nbsp;Za vse to je ob\u010dina Suha leta 1990 dru\u0161tvu podelila ob\u010dinski grb. Oktet Suha je prejel Evropsko nagrado za ljudsko umetnost in Srebrno plaketo Republike Slovenije, mnogi dru\u0161tveniki pa so odlikovani z visokimi priznanji Kr\u0161\u010danske kulturne zveze.<\/strong><\/p>\n<p>Nach dem Krieg war die Kulturarbeit zwar nicht einfach, sie konnte sich aber doch im Laufe der Jahre etablieren. <em><b>&#8222;Die Menschen hatten Tr\u00e4nen in den Augen, als nach dem Krieg in der Kirche wieder slowenische Lieder erklangen<\/b>&#8222;,<\/em> berichtet die Chronik.&nbsp; Im Jahre 1990 wurde dem KPD Drava, der heute mehr als 80 aktive Mitglieder aufweist und in der Gemeinde Neuhaus j\u00e4hrlich bis zu 14 Kulturveranstaltungen mit 4000 Besuchern auf die Beine stellt, f\u00fcr seine vorbildliche und V\u00f6lker verbindende Kulturarbeit das Gemeindewappen der Gemeinde Neuhaus verliehen.<\/p>\n<p>Das Oktet Suha konnte den Europapreis f\u00fcr Volkskunst und die silberne Plakette der Republik Slowenien entgegen nehmen. Zahlreiche Mitarbeiter wurden vom Christlichen Kulturverband ausgezeichnet. Zu den gr\u00f6\u00dften Erfolgen des slowenischen Kulturvereines z\u00e4hlen in j\u00fcngster Zeit das Festival Suha, die Puppentheatergruppe Lutke Suha, die Herausgabe von B\u00fcchern heimischer Autoren wie Ivanka Polanc, Hermann Germ oder Maria Kamnik, ein gut funktionierender interkultureller Dialog im Land sowie ausgezeichnete kulturelle Kontakte mit unseren Nachbarn in Slowenien.<\/p>\n<p><strong>Brez dvoma KPD Drava iz \u017dvabeka na Koro\u0161kem sodi med dru\u0161tva z najbogatej\u0161o tradicijo, nekateri celo trdijo, da \u017dvabek in Suho danes pozna ves svet \u2026 Uspe\u0161no preteklo stoletje pa tudi zavezuje za bodo\u010dnost. \u017delimo si odprto in kulturno dru\u017ebo, kjer ima vsak \u010dlovek dostop do kulture in omike, upamo na novo Koro\u0161ko, ki bo tudi slovenskemu jeziku in kulturi dala svoje upravi\u010deno mesto, podpiramo otroke in dru\u017eine v njihovem prizadevanju za jezik in kulturo.<\/strong><\/p>\n<p><strong>KPD Drava razpolaga z odli\u010dnimi sodelavci, ki svoje kulturno poslanstvo opravljajo \u010dastno in nepla\u010dano:&nbsp; pevci, glasbeniki, znanstveniki, umetniki in pedagogi. Na\u0161e skupine opravljajo, vsaka na svojem podro\u010dju kvalitetno kulturno delo.<\/strong><\/p>\n<p><strong>Hvale\u017eni smo vsem ustanovam in podjetjem, ki nas po svojih mo\u010deh podpirajo, <\/strong><\/p>\n<ul>\n<li><strong>ob\u010dini Suha, <\/strong><\/li>\n<li><strong>Kr\u0161\u010danski kulturni zvezi, <\/strong><\/li>\n<li><strong>Uradu zveznega kanclerja na Dunaju<\/strong><\/li>\n<li><strong>Uradu za Slovence v zamejstvu in po svetu v Ljubljani, <\/strong><\/li>\n<li><strong>Koro\u0161ki de\u017eelni vladi, <\/strong><\/li>\n<li><strong>Javnemu skladu Republike Slovenije za kulturno dejavnost, <\/strong><\/li>\n<li><strong>velikemu \u0161tevilu privatnih podjetij, &nbsp;<\/strong><\/li>\n<li><strong>zlasti &nbsp;Posojilnici Pliberk, <\/strong><\/li>\n<\/ul>\n<p><strong>ki imajo vedno odprto uho za na\u0161e potrebe, &nbsp;in seveda vsem obiskovalcem na\u0161ih prireditev, star\u0161em in dru\u017einam.<\/strong><\/p>\n<p>Die Kulturarbeit des KPD Drava ist eine der traditionsreichsten in K\u00e4rnten. Ein erfolgreiches Kulturjahrhundert wie das Vergangene verpflichtet aber auch f\u00fcr die Zukunft. Wir w\u00fcnschen uns eine Gesellschaft, wo jeder Mensch Zugang zu Kultur und Bildung hat und wollen weiterhin daran arbeiten, der slowenischen Sprache und Kultur ihren berechtigten Platz zu geben \u2013 in den Familien und in der \u00d6ffentlichkeit. In unserem Team, das die Kulturarbeit ehrenamtlich ausf\u00fchrt, sind Menschen aller Altersklassen und zahlreiche Berufe vertreten. Wir verf\u00fcgen \u00fcber erstklassige S\u00e4nger, Instrumentalisten, Wissenschaftler, K\u00fcnstler und P\u00e4dagogen, die allesamt qualit\u00e4tvoll und unentgeltlich in Sachen Kultur t\u00e4tig sind.<\/p>\n<p>Ponosni smo na predsednika <b>Lenarta Katz<\/b>, ki s podpredsednikom <b>Voltejem Hirm<\/b> in <b>Jokejem Logar<\/b> in svojim timom spretno in uspe\u0161no vodi dru\u0161tvo \u017ee 37 let. Na zborovodji <b>Edija Ora\u017ee<\/b> in <b>Vero Sadjak<\/b> s svojimi pevci in instrumentalisti, na profesorja lutk <b>Riharda Grilc<\/b> in njegov lutkarski tim z <b>Vido Logar<\/b>, <b>Travdi Katz-Lipusch<\/b>, <b>Imke Logar-Thiessen<\/b>, <b>Danilom Katz<\/b> in <b>Rosino Katz-Logar<\/b>, na <b>Christino Meklin-Sumnitsch<\/b>, ki nas usmerja umetni\u0161ko, na dolgoletnega blagajnika <b>Franca Lutnik<\/b>, in na <b>Pepeja Krop<\/b>, ki vendno spet uresni\u010di nove ideje. Na etnologa <b>Dr. Engelberta Logar<\/b>, ki dokumentira zgodovino KPD Drava, pripravlja knjige za izdajo in bogati glasbeni repertoar na\u0161ih zborov, pravtako kot na \u017eupnika <b>Simona Wutte<\/b>, ki je na\u0161 va\u017een spremljevalce skozi vsa leta.<\/p>\n<div id='gallery-1' class='gallery galleryid-619 gallery-columns-3 gallery-size-thumbnail'><figure class='gallery-item'>\n\t\t\t<div class='gallery-icon landscape'>\n\t\t\t\t<a href='http:\/\/www.kpddrava.at\/?attachment_id=917'><img loading=\"lazy\" decoding=\"async\" width=\"150\" height=\"150\" src=\"http:\/\/www.kpddrava.at\/wp-content\/uploads\/2013\/10\/klrlutke_100let01-150x150.jpg\" class=\"attachment-thumbnail size-thumbnail\" alt=\"\" sizes=\"auto, 100vw\" \/><\/a>\n\t\t\t<\/div><\/figure><figure class='gallery-item'>\n\t\t\t<div class='gallery-icon landscape'>\n\t\t\t\t<a href='http:\/\/www.kpddrava.at\/?attachment_id=918'><img loading=\"lazy\" decoding=\"async\" width=\"150\" height=\"150\" src=\"http:\/\/www.kpddrava.at\/wp-content\/uploads\/2013\/10\/klrlutke_100let02-150x150.jpg\" class=\"attachment-thumbnail size-thumbnail\" alt=\"\" sizes=\"auto, 100vw\" \/><\/a>\n\t\t\t<\/div><\/figure><figure class='gallery-item'>\n\t\t\t<div class='gallery-icon landscape'>\n\t\t\t\t<a href='http:\/\/www.kpddrava.at\/?attachment_id=919'><img loading=\"lazy\" decoding=\"async\" width=\"150\" height=\"150\" src=\"http:\/\/www.kpddrava.at\/wp-content\/uploads\/2013\/10\/klrlutke_100let03-150x150.jpg\" class=\"attachment-thumbnail size-thumbnail\" alt=\"\" sizes=\"auto, 100vw\" \/><\/a>\n\t\t\t<\/div><\/figure><figure class='gallery-item'>\n\t\t\t<div class='gallery-icon landscape'>\n\t\t\t\t<a href='http:\/\/www.kpddrava.at\/?attachment_id=921'><img loading=\"lazy\" decoding=\"async\" width=\"150\" height=\"150\" src=\"http:\/\/www.kpddrava.at\/wp-content\/uploads\/2013\/10\/klrlutke_100let05-150x150.jpg\" class=\"attachment-thumbnail size-thumbnail\" alt=\"\" sizes=\"auto, 100vw\" \/><\/a>\n\t\t\t<\/div><\/figure><figure class='gallery-item'>\n\t\t\t<div class='gallery-icon landscape'>\n\t\t\t\t<a href='http:\/\/www.kpddrava.at\/?attachment_id=922'><img loading=\"lazy\" decoding=\"async\" width=\"150\" height=\"150\" src=\"http:\/\/www.kpddrava.at\/wp-content\/uploads\/2013\/10\/klrlutke_100let06-150x150.jpg\" class=\"attachment-thumbnail size-thumbnail\" alt=\"\" sizes=\"auto, 100vw\" \/><\/a>\n\t\t\t<\/div><\/figure><figure class='gallery-item'>\n\t\t\t<div class='gallery-icon landscape'>\n\t\t\t\t<a href='http:\/\/www.kpddrava.at\/?attachment_id=925'><img loading=\"lazy\" decoding=\"async\" width=\"150\" height=\"150\" src=\"http:\/\/www.kpddrava.at\/wp-content\/uploads\/2013\/10\/klrlutke_100let09-150x150.jpg\" class=\"attachment-thumbnail size-thumbnail\" alt=\"\" sizes=\"auto, 100vw\" \/><\/a>\n\t\t\t<\/div><\/figure><figure class='gallery-item'>\n\t\t\t<div class='gallery-icon landscape'>\n\t\t\t\t<a href='http:\/\/www.kpddrava.at\/?attachment_id=926'><img loading=\"lazy\" decoding=\"async\" width=\"150\" height=\"150\" src=\"http:\/\/www.kpddrava.at\/wp-content\/uploads\/2013\/10\/klrlutke_100let10-150x150.jpg\" class=\"attachment-thumbnail size-thumbnail\" alt=\"\" sizes=\"auto, 100vw\" \/><\/a>\n\t\t\t<\/div><\/figure><figure class='gallery-item'>\n\t\t\t<div class='gallery-icon landscape'>\n\t\t\t\t<a href='http:\/\/www.kpddrava.at\/?attachment_id=927'><img loading=\"lazy\" decoding=\"async\" width=\"150\" height=\"150\" src=\"http:\/\/www.kpddrava.at\/wp-content\/uploads\/2013\/10\/klrlutke_100let11-150x150.jpg\" class=\"attachment-thumbnail size-thumbnail\" alt=\"\" sizes=\"auto, 100vw\" \/><\/a>\n\t\t\t<\/div><\/figure><figure class='gallery-item'>\n\t\t\t<div class='gallery-icon landscape'>\n\t\t\t\t<a href='http:\/\/www.kpddrava.at\/?attachment_id=928'><img loading=\"lazy\" decoding=\"async\" width=\"150\" height=\"150\" src=\"http:\/\/www.kpddrava.at\/wp-content\/uploads\/2013\/10\/klrlutke_100let12-150x150.jpg\" class=\"attachment-thumbnail size-thumbnail\" alt=\"\" sizes=\"auto, 100vw\" \/><\/a>\n\t\t\t<\/div><\/figure><figure class='gallery-item'>\n\t\t\t<div class='gallery-icon landscape'>\n\t\t\t\t<a href='http:\/\/www.kpddrava.at\/?attachment_id=929'><img loading=\"lazy\" decoding=\"async\" width=\"150\" height=\"150\" src=\"http:\/\/www.kpddrava.at\/wp-content\/uploads\/2013\/10\/klrlutke_100let13-150x150.jpg\" class=\"attachment-thumbnail size-thumbnail\" alt=\"\" sizes=\"auto, 100vw\" \/><\/a>\n\t\t\t<\/div><\/figure><figure class='gallery-item'>\n\t\t\t<div class='gallery-icon landscape'>\n\t\t\t\t<a href='http:\/\/www.kpddrava.at\/?attachment_id=930'><img loading=\"lazy\" decoding=\"async\" width=\"150\" height=\"150\" src=\"http:\/\/www.kpddrava.at\/wp-content\/uploads\/2013\/10\/klrlutke_100let14-150x150.jpg\" class=\"attachment-thumbnail size-thumbnail\" alt=\"\" sizes=\"auto, 100vw\" \/><\/a>\n\t\t\t<\/div><\/figure><figure class='gallery-item'>\n\t\t\t<div class='gallery-icon landscape'>\n\t\t\t\t<a href='http:\/\/www.kpddrava.at\/?attachment_id=931'><img loading=\"lazy\" decoding=\"async\" width=\"150\" height=\"150\" src=\"http:\/\/www.kpddrava.at\/wp-content\/uploads\/2013\/10\/klrlutke_100let15-150x150.jpg\" class=\"attachment-thumbnail size-thumbnail\" alt=\"\" sizes=\"auto, 100vw\" \/><\/a>\n\t\t\t<\/div><\/figure><figure class='gallery-item'>\n\t\t\t<div class='gallery-icon landscape'>\n\t\t\t\t<a href='http:\/\/www.kpddrava.at\/?attachment_id=932'><img loading=\"lazy\" decoding=\"async\" width=\"150\" height=\"150\" src=\"http:\/\/www.kpddrava.at\/wp-content\/uploads\/2013\/10\/klrlutke_100let16-150x150.jpg\" class=\"attachment-thumbnail size-thumbnail\" alt=\"\" sizes=\"auto, 100vw\" \/><\/a>\n\t\t\t<\/div><\/figure><figure class='gallery-item'>\n\t\t\t<div class='gallery-icon landscape'>\n\t\t\t\t<a href='http:\/\/www.kpddrava.at\/?attachment_id=933'><img loading=\"lazy\" decoding=\"async\" width=\"150\" height=\"150\" src=\"http:\/\/www.kpddrava.at\/wp-content\/uploads\/2013\/10\/klrlutke_100let17-150x150.jpg\" class=\"attachment-thumbnail size-thumbnail\" alt=\"\" sizes=\"auto, 100vw\" \/><\/a>\n\t\t\t<\/div><\/figure><figure class='gallery-item'>\n\t\t\t<div class='gallery-icon landscape'>\n\t\t\t\t<a href='http:\/\/www.kpddrava.at\/?attachment_id=934'><img loading=\"lazy\" decoding=\"async\" width=\"150\" height=\"150\" src=\"http:\/\/www.kpddrava.at\/wp-content\/uploads\/2013\/10\/klrlutke_100let18-150x150.jpg\" class=\"attachment-thumbnail size-thumbnail\" alt=\"\" sizes=\"auto, 100vw\" \/><\/a>\n\t\t\t<\/div><\/figure><figure class='gallery-item'>\n\t\t\t<div class='gallery-icon landscape'>\n\t\t\t\t<a href='http:\/\/www.kpddrava.at\/?attachment_id=935'><img loading=\"lazy\" decoding=\"async\" width=\"150\" height=\"150\" src=\"http:\/\/www.kpddrava.at\/wp-content\/uploads\/2013\/10\/klrlutke_100let19-150x150.jpg\" class=\"attachment-thumbnail size-thumbnail\" alt=\"\" sizes=\"auto, 100vw\" \/><\/a>\n\t\t\t<\/div><\/figure><figure class='gallery-item'>\n\t\t\t<div class='gallery-icon landscape'>\n\t\t\t\t<a href='http:\/\/www.kpddrava.at\/?attachment_id=936'><img loading=\"lazy\" decoding=\"async\" width=\"150\" height=\"150\" src=\"http:\/\/www.kpddrava.at\/wp-content\/uploads\/2013\/10\/klrlutke_100let20-150x150.jpg\" class=\"attachment-thumbnail size-thumbnail\" alt=\"\" sizes=\"auto, 100vw\" \/><\/a>\n\t\t\t<\/div><\/figure><figure class='gallery-item'>\n\t\t\t<div class='gallery-icon landscape'>\n\t\t\t\t<a href='http:\/\/www.kpddrava.at\/?attachment_id=937'><img loading=\"lazy\" decoding=\"async\" width=\"150\" height=\"150\" src=\"http:\/\/www.kpddrava.at\/wp-content\/uploads\/2013\/10\/klrlutke_100let21-150x150.jpg\" class=\"attachment-thumbnail size-thumbnail\" alt=\"\" sizes=\"auto, 100vw\" \/><\/a>\n\t\t\t<\/div><\/figure><figure class='gallery-item'>\n\t\t\t<div class='gallery-icon landscape'>\n\t\t\t\t<a href='http:\/\/www.kpddrava.at\/?attachment_id=938'><img loading=\"lazy\" decoding=\"async\" width=\"150\" height=\"150\" src=\"http:\/\/www.kpddrava.at\/wp-content\/uploads\/2013\/10\/klrlutke_100let22-150x150.jpg\" class=\"attachment-thumbnail size-thumbnail\" alt=\"\" sizes=\"auto, 100vw\" \/><\/a>\n\t\t\t<\/div><\/figure><figure class='gallery-item'>\n\t\t\t<div class='gallery-icon landscape'>\n\t\t\t\t<a href='http:\/\/www.kpddrava.at\/?attachment_id=939'><img loading=\"lazy\" decoding=\"async\" width=\"150\" height=\"150\" src=\"http:\/\/www.kpddrava.at\/wp-content\/uploads\/2013\/10\/klrlutke_100let23-150x150.jpg\" class=\"attachment-thumbnail size-thumbnail\" alt=\"\" sizes=\"auto, 100vw\" \/><\/a>\n\t\t\t<\/div><\/figure><figure class='gallery-item'>\n\t\t\t<div class='gallery-icon landscape'>\n\t\t\t\t<a href='http:\/\/www.kpddrava.at\/?attachment_id=940'><img loading=\"lazy\" decoding=\"async\" width=\"150\" height=\"150\" src=\"http:\/\/www.kpddrava.at\/wp-content\/uploads\/2013\/10\/klrlutke_100let24-150x150.jpg\" class=\"attachment-thumbnail size-thumbnail\" alt=\"\" sizes=\"auto, 100vw\" \/><\/a>\n\t\t\t<\/div><\/figure><figure class='gallery-item'>\n\t\t\t<div class='gallery-icon landscape'>\n\t\t\t\t<a href='http:\/\/www.kpddrava.at\/?attachment_id=941'><img loading=\"lazy\" decoding=\"async\" width=\"150\" height=\"150\" src=\"http:\/\/www.kpddrava.at\/wp-content\/uploads\/2013\/10\/klrlutke_100let25-150x150.jpg\" class=\"attachment-thumbnail size-thumbnail\" alt=\"\" sizes=\"auto, 100vw\" \/><\/a>\n\t\t\t<\/div><\/figure><figure class='gallery-item'>\n\t\t\t<div class='gallery-icon landscape'>\n\t\t\t\t<a href='http:\/\/www.kpddrava.at\/?attachment_id=942'><img loading=\"lazy\" decoding=\"async\" width=\"150\" height=\"150\" src=\"http:\/\/www.kpddrava.at\/wp-content\/uploads\/2013\/10\/klrlutke_100let26-150x150.jpg\" class=\"attachment-thumbnail size-thumbnail\" alt=\"\" sizes=\"auto, 100vw\" \/><\/a>\n\t\t\t<\/div><\/figure><figure class='gallery-item'>\n\t\t\t<div class='gallery-icon landscape'>\n\t\t\t\t<a href='http:\/\/www.kpddrava.at\/?attachment_id=943'><img loading=\"lazy\" decoding=\"async\" width=\"150\" height=\"150\" src=\"http:\/\/www.kpddrava.at\/wp-content\/uploads\/2013\/10\/klrlutke_100let27-150x150.jpg\" class=\"attachment-thumbnail size-thumbnail\" alt=\"\" sizes=\"auto, 100vw\" \/><\/a>\n\t\t\t<\/div><\/figure><figure class='gallery-item'>\n\t\t\t<div class='gallery-icon landscape'>\n\t\t\t\t<a href='http:\/\/www.kpddrava.at\/?attachment_id=944'><img loading=\"lazy\" decoding=\"async\" width=\"150\" height=\"150\" src=\"http:\/\/www.kpddrava.at\/wp-content\/uploads\/2013\/10\/klrlutke_100let28-150x150.jpg\" class=\"attachment-thumbnail size-thumbnail\" alt=\"\" sizes=\"auto, 100vw\" \/><\/a>\n\t\t\t<\/div><\/figure><figure class='gallery-item'>\n\t\t\t<div class='gallery-icon landscape'>\n\t\t\t\t<a href='http:\/\/www.kpddrava.at\/?attachment_id=945'><img loading=\"lazy\" decoding=\"async\" width=\"150\" height=\"150\" src=\"http:\/\/www.kpddrava.at\/wp-content\/uploads\/2013\/10\/klrlutke_100let29-150x150.jpg\" class=\"attachment-thumbnail size-thumbnail\" alt=\"\" sizes=\"auto, 100vw\" \/><\/a>\n\t\t\t<\/div><\/figure><figure class='gallery-item'>\n\t\t\t<div class='gallery-icon landscape'>\n\t\t\t\t<a href='http:\/\/www.kpddrava.at\/?attachment_id=946'><img loading=\"lazy\" decoding=\"async\" width=\"150\" height=\"150\" src=\"http:\/\/www.kpddrava.at\/wp-content\/uploads\/2013\/10\/klrlutke_100let30-150x150.jpg\" class=\"attachment-thumbnail size-thumbnail\" alt=\"\" sizes=\"auto, 100vw\" \/><\/a>\n\t\t\t<\/div><\/figure>\n\t\t<\/div>\n\n","protected":false},"excerpt":{"rendered":"<p>&nbsp; \u010ce se danes spominjamo tistega dne, ko je bilo \u201eKatoli\u0161ko prosvetno dru\u0161tvo Drava \u017dvabek\u00ab ustanovljeno, moramo takoj ugotoviti, da se s tem kulturno delo v \u017dvabeku in na Suhi ni \u0161ele za\u010delo. Dobilo je samo nov okvir in dodatne mo\u017enosti delovanja in razvoja. Okrajno glavarstvo v Velikovcu je 5. maja 1910 dovolilo in potrdilo &hellip; <\/p>\n<p class=\"link-more\"><a href=\"http:\/\/www.kpddrava.at\/?page_id=619\" class=\"more-link\"><span class=\"screen-reader-text\">\u201e100 let KPD Drava\u201c<\/span> weiterlesen<\/a><\/p>\n","protected":false},"author":4,"featured_media":0,"parent":0,"menu_order":0,"comment_status":"closed","ping_status":"closed","template":"","meta":{"ngg_post_thumbnail":0,"_mc_calendar":[],"footnotes":""},"class_list":["post-619","page","type-page","status-publish","hentry"],"_links":{"self":[{"href":"http:\/\/www.kpddrava.at\/index.php?rest_route=\/wp\/v2\/pages\/619","targetHints":{"allow":["GET"]}}],"collection":[{"href":"http:\/\/www.kpddrava.at\/index.php?rest_route=\/wp\/v2\/pages"}],"about":[{"href":"http:\/\/www.kpddrava.at\/index.php?rest_route=\/wp\/v2\/types\/page"}],"author":[{"embeddable":true,"href":"http:\/\/www.kpddrava.at\/index.php?rest_route=\/wp\/v2\/users\/4"}],"replies":[{"embeddable":true,"href":"http:\/\/www.kpddrava.at\/index.php?rest_route=%2Fwp%2Fv2%2Fcomments&post=619"}],"version-history":[{"count":6,"href":"http:\/\/www.kpddrava.at\/index.php?rest_route=\/wp\/v2\/pages\/619\/revisions"}],"predecessor-version":[{"id":23701,"href":"http:\/\/www.kpddrava.at\/index.php?rest_route=\/wp\/v2\/pages\/619\/revisions\/23701"}],"wp:attachment":[{"href":"http:\/\/www.kpddrava.at\/index.php?rest_route=%2Fwp%2Fv2%2Fmedia&parent=619"}],"curies":[{"name":"wp","href":"https:\/\/api.w.org\/{rel}","templated":true}]}}