{"id":677,"date":"2013-10-31T16:19:23","date_gmt":"2013-10-31T16:19:23","guid":{"rendered":"http:\/\/www.kpddrava.at\/?page_id=677"},"modified":"2025-11-14T23:42:36","modified_gmt":"2025-11-14T22:42:36","slug":"pevsko-instr-skupina","status":"publish","type":"page","link":"http:\/\/www.kpddrava.at\/?page_id=677","title":{"rendered":"P.I.S \u017dVABEK"},"content":{"rendered":"\n<p>Pevsko-instrumentalna skupina \u017dvabek (PIS \u017dvabek), ki deluje v okviru Katoli\u0161kega prosvetnega dru\u0161tva Drava (KPD Drava), ostaja eden klju\u010dnih nosilcev slovenske kulture v ob\u010dini Suha. Ob svojem 40-letnem jubileju se je zasedba pomladila in tudi \u0161tevil\u010dno okrepila, s \u010dimer nadaljuje svojo vlogo osrednjega akterja kulturnega dogajanja v \u017dvabeku in \u0161ir\u0161i okolici.<\/p>\n<p>Skupina je bila ustanovljena kot otro\u0161ki zbor leta 1978 na pobudo u\u010diteljice <em>Rosine Katz-Logar<\/em> in je od tedaj postala prepoznaven sestavni del dru\u0161tva, ki na tem obmo\u010dju deluje \u017ee od leta 1910. Letno pripravijo od 10 do 15 nastopov, vodi pa jih ravnateljica in glasbena pedagoginja <em>Vera Sadjak<\/em>. Pod njenim vodstvom zbor neguje ve\u010dglasno petje, krepi pevsko tradicijo ter skrbi za ohranjanje slovenske kulturne dedi\u0161\u010dine. Njihove pesmi, zbrane na zgo\u0161\u010denki <em>To je na\u0161a pesem<\/em>, pa \u017ee skoraj dve desetletji bogatijo radijske oddaje v Avstriji in Sloveniji.<\/p>\n<p>Vaje so v prvih letih potekale v stari farni dvorani, nato v va\u0161ki \u0161oli, ki je kasneje zaprla vrata. Zadnje desetletje skupina deluje v Hi\u0161i kulture v \u017dvabeku, kjer se \u2013 kot pravijo \u2013 \u00bbzelo dobro po\u010duti\u00ab. \u010clanice in \u010dlani so tudi aktivni sodelavci kreativnega tima KPD Drava, ki s svojimi programi pomembno sooblikuje kulturni utrip v ob\u010dini Suha.<\/p>\n<p>Pevsko-instrumentalna skupina se posve\u010da izvedbam koro\u0161kih, slovenskih in nem\u0161kih in ponarodelih pesmi, ki jih predstavlja v vokalno-instrumentalnih priredbah, ter tako ohranja in razvija bogato glasbeno tradicijo koro\u0161kih Slovencev.<\/p>\n<p data-start=\"81\" data-end=\"516\"><a href=\"http:\/\/www.kpddrava.at\/wp-content\/uploads\/2025\/11\/klrfestival_m.jpg\"><img loading=\"lazy\" decoding=\"async\" class=\"alignnone wp-image-23412 size-full\" src=\"http:\/\/www.kpddrava.at\/wp-content\/uploads\/2025\/11\/klrfestival_m.jpg\" alt=\"\" width=\"2114\" height=\"1134\" srcset=\"http:\/\/www.kpddrava.at\/wp-content\/uploads\/2025\/11\/klrfestival_m.jpg 2114w, http:\/\/www.kpddrava.at\/wp-content\/uploads\/2025\/11\/klrfestival_m-300x161.jpg 300w, http:\/\/www.kpddrava.at\/wp-content\/uploads\/2025\/11\/klrfestival_m-1024x549.jpg 1024w, http:\/\/www.kpddrava.at\/wp-content\/uploads\/2025\/11\/klrfestival_m-768x412.jpg 768w, http:\/\/www.kpddrava.at\/wp-content\/uploads\/2025\/11\/klrfestival_m-1536x824.jpg 1536w, http:\/\/www.kpddrava.at\/wp-content\/uploads\/2025\/11\/klrfestival_m-2048x1099.jpg 2048w\" sizes=\"auto, (max-width: 767px) 89vw, (max-width: 1000px) 54vw, (max-width: 1071px) 543px, 580px\" \/><\/a><\/p>\n<p data-start=\"81\" data-end=\"516\">Die Vokal-Instrumentalgruppe PIS \u017dvabek, die im Rahmen des Katholischen Kulturvereins Drava (KPD Drava) t\u00e4tig ist, z\u00e4hlt nach wie vor zu den wichtigsten Tr\u00e4gern slowenischer Kultur in der Gemeinde Neuhaus\/Suha. Anl\u00e4sslich ihres 40-j\u00e4hrigen Bestehens hat sich die Gruppe verj\u00fcngt und personell verst\u00e4rkt \u2013 und setzt damit ihre Rolle als zentraler Akteur des kulturellen Lebens in Schwabegg\/\u017dvabek und der weiteren Umgebung \u00fcberzeugend fort.<\/p>\n<p data-start=\"518\" data-end=\"1183\">Gegr\u00fcndet wurde die Gruppe im Jahr 1978 auf Initiative der Lehrerin <em>Rosina Katz-Logar<\/em> als Kinderchor. Seither ist sie zu einem pr\u00e4genden Bestandteil des Vereins geworden, der in dieser Region bereits seit 1910 wirkt. J\u00e4hrlich gestaltet die Gruppe zehn bis f\u00fcnfzehn Auftritte, geleitet wird sie von der Direktorin und Musikp\u00e4dagogin <em>Vera Sadjak.<\/em> Unter ihrer F\u00fchrung pflegt der Chor den mehrstimmigen Gesang, st\u00e4rkt die regionale Gesangstradition und tr\u00e4gt wesentlich zur Bewahrung des slowenischen Kulturerbes bei. Die Lieder der Gruppe, festgehalten auf der CD <em data-start=\"1079\" data-end=\"1097\">To je na\u0161a pesem<\/em>, bereichern seit beinahe zwei Jahrzehnten Radiosendungen in \u00d6sterreich und Slowenien.<\/p>\n<p data-start=\"1185\" data-end=\"1598\">In den ersten Jahren probte der Chor im alten Pfarrsaal (&#8222;Dvorana&#8220;), sp\u00e4ter in der Dorfschule, die inzwischen geschlossen wurde. Seit rund zehn Jahren ist die Gruppe im Kulturhaus Hi\u0161a kulture beheimatet, wo sie sich \u2013 wie sie selbst sagt \u2013 \u201e\u00e4u\u00dferst wohlf\u00fchlt\u201c. Die Mitglieder engagieren sich zudem aktiv im Kreativteam des KPD Drava, das mit seinen Programmen das kulturelle Leben in der Gemeinde Neuhaus\/Suha ma\u00dfgeblich mitgestaltet.<\/p>\n<p data-start=\"1600\" data-end=\"1911\">Die Pevsko-instrumentalna skupina widmet sich der Interpretation slowenischer und deutscher Volks- und Kunstlieder, die sie in vokal-instrumentalen Arrangements pr\u00e4sentiert. Auf diese Weise bewahrt und weiterentwickelt sie die reiche musikalische Tradition der K\u00e4rntner Sloweninnen und Slowenen.<\/p>\n<p><strong>Predsednica\/Pr\u00e4sidentin:&nbsp;&nbsp;&nbsp;&nbsp; <\/strong>Rosina Katz-Logar, <strong>T:<\/strong> +43 664 5532845 <strong>M:<\/strong> <a href=\"mailto:katz@loka.at\">katz@loka.at<\/a><\/p>\n<p><strong>Zborovodja\/Chorleiterin:<\/strong>&nbsp; &nbsp; &nbsp;Vera Sadjak<\/p>\n\n\n","protected":false},"excerpt":{"rendered":"<p>Pevsko-instrumentalna skupina \u017dvabek (PIS \u017dvabek), ki deluje v okviru Katoli\u0161kega prosvetnega dru\u0161tva Drava (KPD Drava), ostaja eden klju\u010dnih nosilcev slovenske kulture v ob\u010dini Suha. Ob svojem 40-letnem jubileju se je zasedba pomladila in tudi \u0161tevil\u010dno okrepila, s \u010dimer nadaljuje svojo vlogo osrednjega akterja kulturnega dogajanja v \u017dvabeku in \u0161ir\u0161i okolici. Skupina je bila ustanovljena kot &hellip; <\/p>\n<p class=\"link-more\"><a href=\"http:\/\/www.kpddrava.at\/?page_id=677\" class=\"more-link\"><span class=\"screen-reader-text\">\u201eP.I.S \u017dVABEK\u201c<\/span> weiterlesen<\/a><\/p>\n","protected":false},"author":4,"featured_media":0,"parent":0,"menu_order":0,"comment_status":"closed","ping_status":"closed","template":"","meta":{"ngg_post_thumbnail":0,"_mc_calendar":[],"footnotes":""},"class_list":["post-677","page","type-page","status-publish","hentry"],"_links":{"self":[{"href":"http:\/\/www.kpddrava.at\/index.php?rest_route=\/wp\/v2\/pages\/677","targetHints":{"allow":["GET"]}}],"collection":[{"href":"http:\/\/www.kpddrava.at\/index.php?rest_route=\/wp\/v2\/pages"}],"about":[{"href":"http:\/\/www.kpddrava.at\/index.php?rest_route=\/wp\/v2\/types\/page"}],"author":[{"embeddable":true,"href":"http:\/\/www.kpddrava.at\/index.php?rest_route=\/wp\/v2\/users\/4"}],"replies":[{"embeddable":true,"href":"http:\/\/www.kpddrava.at\/index.php?rest_route=%2Fwp%2Fv2%2Fcomments&post=677"}],"version-history":[{"count":5,"href":"http:\/\/www.kpddrava.at\/index.php?rest_route=\/wp\/v2\/pages\/677\/revisions"}],"predecessor-version":[{"id":23414,"href":"http:\/\/www.kpddrava.at\/index.php?rest_route=\/wp\/v2\/pages\/677\/revisions\/23414"}],"wp:attachment":[{"href":"http:\/\/www.kpddrava.at\/index.php?rest_route=%2Fwp%2Fv2%2Fmedia&parent=677"}],"curies":[{"name":"wp","href":"https:\/\/api.w.org\/{rel}","templated":true}]}}